{"id":20,"date":"2021-04-15T22:06:16","date_gmt":"2021-04-15T22:06:16","guid":{"rendered":"https:\/\/berhalter.codia.ch\/?page_id=20"},"modified":"2025-03-26T14:41:59","modified_gmt":"2025-03-26T14:41:59","slug":"ueber-uns","status":"publish","type":"page","link":"https:\/\/berhalter.green\/en\/ueber-uns\/","title":{"rendered":"About Us"},"content":{"rendered":"<div data-elementor-type=\"wp-page\" data-elementor-id=\"20\" class=\"elementor elementor-20\" data-elementor-post-type=\"page\">\n\t\t\t\t\t\t<section class=\"elementor-section elementor-top-section elementor-element elementor-element-6b15926 elementor-section-boxed elementor-section-height-default elementor-section-height-default\" data-id=\"6b15926\" data-element_type=\"section\">\n\t\t\t\t\t\t<div class=\"elementor-container elementor-column-gap-default\">\n\t\t\t\t\t<div class=\"elementor-column elementor-col-50 elementor-top-column elementor-element elementor-element-4b1afd8\" data-id=\"4b1afd8\" data-element_type=\"column\">\n\t\t\t<div class=\"elementor-widget-wrap elementor-element-populated\">\n\t\t\t\t\t\t<div class=\"elementor-element elementor-element-34ad791 elementor-widget elementor-widget-spacer\" data-id=\"34ad791\" data-element_type=\"widget\" data-widget_type=\"spacer.default\">\n\t\t\t\t<div class=\"elementor-widget-container\">\n\t\t\t\t\t\t\t<div class=\"elementor-spacer\">\n\t\t\t<div class=\"elementor-spacer-inner\"><\/div>\n\t\t<\/div>\n\t\t\t\t\t\t<\/div>\n\t\t\t\t<\/div>\n\t\t\t\t<div class=\"elementor-element elementor-element-7051d94 elementor-widget elementor-widget-heading\" data-id=\"7051d94\" data-element_type=\"widget\" data-widget_type=\"heading.default\">\n\t\t\t\t<div class=\"elementor-widget-container\">\n\t\t\t\t\t<h2 class=\"elementor-heading-title elementor-size-default\">About<\/h2>\t\t\t\t<\/div>\n\t\t\t\t<\/div>\n\t\t\t\t<div class=\"elementor-element elementor-element-c14b814 elementor-widget elementor-widget-heading\" data-id=\"c14b814\" data-element_type=\"widget\" data-widget_type=\"heading.default\">\n\t\t\t\t<div class=\"elementor-widget-container\">\n\t\t\t\t\t<h2 class=\"elementor-heading-title elementor-size-default\">Berhalter<\/h2>\t\t\t\t<\/div>\n\t\t\t\t<\/div>\n\t\t\t\t<div class=\"elementor-element elementor-element-2fe923c elementor-widget elementor-widget-text-editor\" data-id=\"2fe923c\" data-element_type=\"widget\" data-widget_type=\"text-editor.default\">\n\t\t\t\t<div class=\"elementor-widget-container\">\n\t\t\t\t\t\t\t\t\t<p>The Tec-Spiration business unit of Berhalter AG is an ISO 9001 \/ EN-9100 certified manufacturing company for cubic precision parts, structural components, and assemblies with over 60 years of manufacturing experience.<\/p><p>The company with its flexible and adaptable systems is suitable for prototypes, pre-series as well as serial production and is characterised by high quality management and reliability.<\/p><p>Since we can offer qualified services \"everything from one source\" to our customers, additional value is generated. Our in-house experience and the cooperation with our network partners result in innovative and creative concepts.<\/p><p>In our high-tech world, more and more complex demands are placed on us. We gladly accept these challenges with our team of motivated and specially trained professionals. The sustainable success of our customers is of the highest importance to us.<\/p>\t\t\t\t\t\t\t\t<\/div>\n\t\t\t\t<\/div>\n\t\t\t\t\t<\/div>\n\t\t<\/div>\n\t\t\t\t<div class=\"elementor-column elementor-col-50 elementor-top-column elementor-element elementor-element-245fa32\" data-id=\"245fa32\" data-element_type=\"column\">\n\t\t\t<div class=\"elementor-widget-wrap\">\n\t\t\t\t\t\t\t<\/div>\n\t\t<\/div>\n\t\t\t\t\t<\/div>\n\t\t<\/section>\n\t\t\t\t<section class=\"elementor-section elementor-top-section elementor-element elementor-element-d30761f elementor-section-boxed elementor-section-height-default elementor-section-height-default\" data-id=\"d30761f\" data-element_type=\"section\" data-settings=\"{&quot;background_background&quot;:&quot;classic&quot;}\">\n\t\t\t\t\t\t<div class=\"elementor-container elementor-column-gap-default\">\n\t\t\t\t\t<div class=\"elementor-column elementor-col-50 elementor-top-column elementor-element elementor-element-9fbd99d\" data-id=\"9fbd99d\" data-element_type=\"column\">\n\t\t\t<div class=\"elementor-widget-wrap elementor-element-populated\">\n\t\t\t\t\t\t<div class=\"elementor-element elementor-element-5620877 elementor-widget elementor-widget-text-editor\" data-id=\"5620877\" data-element_type=\"widget\" data-widget_type=\"text-editor.default\">\n\t\t\t\t<div class=\"elementor-widget-container\">\n\t\t\t\t\t\t\t\t\t<p><span id=\"attr-bff21ff0-5115-4746-806d-688bbac35248\">BERHALTER AG\u00a0<\/span><\/p><p><span id=\"attr-bff21ff0-5115-4746-806d-688bbac35248\">100% Family Business<\/span><\/p><p><span id=\"attr-bff21ff0-5115-4746-806d-688bbac35248\">A public limited company<\/span><\/p><p><span id=\"attr-bff21ff0-5115-4746-806d-688bbac35248\">Lindenstrasse 120,\u00a0 9443 Widnau, Switzerland<\/span><\/p><p><span id=\"attr-bff21ff0-5115-4746-806d-688bbac35248\">Approximately 65 employees, including 10 to 12 apprentices<\/span><\/p>\t\t\t\t\t\t\t\t<\/div>\n\t\t\t\t<\/div>\n\t\t\t\t\t<\/div>\n\t\t<\/div>\n\t\t\t\t<div class=\"elementor-column elementor-col-50 elementor-top-column elementor-element elementor-element-ce83a12\" data-id=\"ce83a12\" data-element_type=\"column\">\n\t\t\t<div class=\"elementor-widget-wrap elementor-element-populated\">\n\t\t\t\t\t\t<div class=\"elementor-element elementor-element-9d50d9d elementor-widget elementor-widget-image\" data-id=\"9d50d9d\" data-element_type=\"widget\" data-widget_type=\"image.default\">\n\t\t\t\t<div class=\"elementor-widget-container\">\n\t\t\t\t\t\t\t\t\t\t\t\t\t\t\t<img fetchpriority=\"high\" decoding=\"async\" width=\"800\" height=\"600\" src=\"https:\/\/berhalter.green\/wp-content\/uploads\/2021\/04\/Berhalter-Firma-im-Drohnenflug-1024x768.jpeg\" class=\"attachment-large size-large wp-image-106\" alt=\"\" srcset=\"https:\/\/berhalter.green\/wp-content\/uploads\/2021\/04\/Berhalter-Firma-im-Drohnenflug-1024x768.jpeg 1024w, https:\/\/berhalter.green\/wp-content\/uploads\/2021\/04\/Berhalter-Firma-im-Drohnenflug-300x225.jpeg 300w, https:\/\/berhalter.green\/wp-content\/uploads\/2021\/04\/Berhalter-Firma-im-Drohnenflug-768x576.jpeg 768w, https:\/\/berhalter.green\/wp-content\/uploads\/2021\/04\/Berhalter-Firma-im-Drohnenflug-1536x1152.jpeg 1536w, https:\/\/berhalter.green\/wp-content\/uploads\/2021\/04\/Berhalter-Firma-im-Drohnenflug-2048x1536.jpeg 2048w\" sizes=\"(max-width: 800px) 100vw, 800px\" \/>\t\t\t\t\t\t\t\t\t\t\t\t\t\t\t<\/div>\n\t\t\t\t<\/div>\n\t\t\t\t\t<\/div>\n\t\t<\/div>\n\t\t\t\t\t<\/div>\n\t\t<\/section>\n\t\t\t\t<section class=\"elementor-section elementor-top-section elementor-element elementor-element-e88b5da elementor-section-boxed elementor-section-height-default elementor-section-height-default\" data-id=\"e88b5da\" data-element_type=\"section\">\n\t\t\t\t\t\t<div class=\"elementor-container elementor-column-gap-default\">\n\t\t\t\t\t<div class=\"elementor-column elementor-col-50 elementor-top-column elementor-element elementor-element-59a9f80\" data-id=\"59a9f80\" data-element_type=\"column\">\n\t\t\t<div class=\"elementor-widget-wrap elementor-element-populated\">\n\t\t\t\t\t\t<div class=\"elementor-element elementor-element-611ada3 elementor-widget elementor-widget-heading\" data-id=\"611ada3\" data-element_type=\"widget\" data-widget_type=\"heading.default\">\n\t\t\t\t<div class=\"elementor-widget-container\">\n\t\t\t\t\t<h2 class=\"elementor-heading-title elementor-size-default\">Get to know us!\n\n<\/h2>\t\t\t\t<\/div>\n\t\t\t\t<\/div>\n\t\t\t\t<div class=\"elementor-element elementor-element-055808e elementor-widget elementor-widget-heading\" data-id=\"055808e\" data-element_type=\"widget\" data-widget_type=\"heading.default\">\n\t\t\t\t<div class=\"elementor-widget-container\">\n\t\t\t\t\t<h2 class=\"elementor-heading-title elementor-size-default\">Our history<\/h2>\t\t\t\t<\/div>\n\t\t\t\t<\/div>\n\t\t\t\t<div class=\"elementor-element elementor-element-cc23f25 elementor-widget elementor-widget-text-editor\" data-id=\"cc23f25\" data-element_type=\"widget\" data-widget_type=\"text-editor.default\">\n\t\t\t\t<div class=\"elementor-widget-container\">\n\t\t\t\t\t\t\t\t\t\n<style>\ntd,tr {\nborder:none !important;\nbackground-color: white !important;\n}\n<\/style>\n<table>\n<tbody\">\n<tr>\n<td>1960<\/td>\n<td>Company founded<\/td>\n<\/tr>\n<tr>\n<td>1975<\/td>\n<td>Expansion of punching technology<\/td>\n<\/tr>\n<tr>\n<td>1980<\/td>\n<td>Moved into the property at Lindenstrasse 120 (current location)<\/td>\n<\/tr>\n<tr>\n<td>2003<\/td>\n<td>Expansion and integration of external locations<\/td>\n<\/tr>\n<tr>\n<td>2014<\/td>\n<td>Realignment of Strategy - Success DC and TS models<\/td>\n<\/tr>\n<tr>\n<td>2017<\/td>\n<td>Aviation certification according to EN9100<\/td>\n<\/tr>\n<tr>\n<td>2018<\/td>\n<td>Extension and expansion of assembly TS<\/td>\n<\/tr>\n<tr>\n<td>2019<\/td>\n<td>Expansion with building B\u00f6schach<\/td>\n<\/tr>\n<tr>\n<td>Today<\/td>\n<td>Your partner for manufacturing solutions<\/td>\n<\/tr>\n<\/tbody>\n<\/table>\t\t\t\t\t\t\t\t<\/div>\n\t\t\t\t<\/div>\n\t\t\t\t\t<\/div>\n\t\t<\/div>\n\t\t\t\t<div class=\"elementor-column elementor-col-50 elementor-top-column elementor-element elementor-element-01e735c\" data-id=\"01e735c\" data-element_type=\"column\">\n\t\t\t<div class=\"elementor-widget-wrap elementor-element-populated\">\n\t\t\t\t\t\t<div class=\"elementor-element elementor-element-c2daebb elementor-widget elementor-widget-image\" data-id=\"c2daebb\" data-element_type=\"widget\" data-widget_type=\"image.default\">\n\t\t\t\t<div class=\"elementor-widget-container\">\n\t\t\t\t\t\t\t\t\t\t\t\t\t\t\t<img decoding=\"async\" width=\"264\" height=\"492\" src=\"https:\/\/berhalter.green\/wp-content\/uploads\/2021\/04\/Alte-Firma-schwarzweiss.jpg\" class=\"attachment-large size-large wp-image-111\" alt=\"\" srcset=\"https:\/\/berhalter.green\/wp-content\/uploads\/2021\/04\/Alte-Firma-schwarzweiss.jpg 264w, https:\/\/berhalter.green\/wp-content\/uploads\/2021\/04\/Alte-Firma-schwarzweiss-161x300.jpg 161w\" sizes=\"(max-width: 264px) 100vw, 264px\" \/>\t\t\t\t\t\t\t\t\t\t\t\t\t\t\t<\/div>\n\t\t\t\t<\/div>\n\t\t\t\t\t<\/div>\n\t\t<\/div>\n\t\t\t\t\t<\/div>\n\t\t<\/section>\n\t\t\t\t<section class=\"elementor-section elementor-top-section elementor-element elementor-element-99a2bdb elementor-section-boxed elementor-section-height-default elementor-section-height-default\" data-id=\"99a2bdb\" data-element_type=\"section\">\n\t\t\t\t\t\t<div class=\"elementor-container elementor-column-gap-default\">\n\t\t\t\t\t<div class=\"elementor-column elementor-col-50 elementor-top-column elementor-element elementor-element-ed7c98b\" data-id=\"ed7c98b\" data-element_type=\"column\">\n\t\t\t<div class=\"elementor-widget-wrap elementor-element-populated\">\n\t\t\t\t\t\t<div class=\"elementor-element elementor-element-295caad elementor-widget elementor-widget-image\" data-id=\"295caad\" data-element_type=\"widget\" data-widget_type=\"image.default\">\n\t\t\t\t<div class=\"elementor-widget-container\">\n\t\t\t\t\t\t\t\t\t\t\t\t\t\t\t<img decoding=\"async\" width=\"800\" height=\"534\" src=\"https:\/\/berhalter.green\/wp-content\/uploads\/2021\/04\/Matec-30HV-1024x683.jpg\" class=\"attachment-large size-large wp-image-115\" alt=\"\" srcset=\"https:\/\/berhalter.green\/wp-content\/uploads\/2021\/04\/Matec-30HV-1024x683.jpg 1024w, https:\/\/berhalter.green\/wp-content\/uploads\/2021\/04\/Matec-30HV-300x200.jpg 300w, https:\/\/berhalter.green\/wp-content\/uploads\/2021\/04\/Matec-30HV-768x512.jpg 768w, https:\/\/berhalter.green\/wp-content\/uploads\/2021\/04\/Matec-30HV-1536x1024.jpg 1536w, https:\/\/berhalter.green\/wp-content\/uploads\/2021\/04\/Matec-30HV-2048x1365.jpg 2048w\" sizes=\"(max-width: 800px) 100vw, 800px\" \/>\t\t\t\t\t\t\t\t\t\t\t\t\t\t\t<\/div>\n\t\t\t\t<\/div>\n\t\t\t\t\t<\/div>\n\t\t<\/div>\n\t\t\t\t<div class=\"elementor-column elementor-col-50 elementor-top-column elementor-element elementor-element-7d03231\" data-id=\"7d03231\" data-element_type=\"column\">\n\t\t\t<div class=\"elementor-widget-wrap elementor-element-populated\">\n\t\t\t\t\t\t<div class=\"elementor-element elementor-element-20dfac2 elementor-widget elementor-widget-image\" data-id=\"20dfac2\" data-element_type=\"widget\" data-widget_type=\"image.default\">\n\t\t\t\t<div class=\"elementor-widget-container\">\n\t\t\t\t\t\t\t\t\t\t\t\t\t\t\t<img loading=\"lazy\" decoding=\"async\" width=\"800\" height=\"534\" src=\"https:\/\/berhalter.green\/wp-content\/uploads\/2021\/04\/Berhalter-Produktion180115_0581-1024x683.jpg\" class=\"attachment-large size-large wp-image-116\" alt=\"\" srcset=\"https:\/\/berhalter.green\/wp-content\/uploads\/2021\/04\/Berhalter-Produktion180115_0581-1024x683.jpg 1024w, https:\/\/berhalter.green\/wp-content\/uploads\/2021\/04\/Berhalter-Produktion180115_0581-300x200.jpg 300w, https:\/\/berhalter.green\/wp-content\/uploads\/2021\/04\/Berhalter-Produktion180115_0581-768x512.jpg 768w, https:\/\/berhalter.green\/wp-content\/uploads\/2021\/04\/Berhalter-Produktion180115_0581-1536x1024.jpg 1536w, https:\/\/berhalter.green\/wp-content\/uploads\/2021\/04\/Berhalter-Produktion180115_0581-2048x1365.jpg 2048w\" sizes=\"(max-width: 800px) 100vw, 800px\" \/>\t\t\t\t\t\t\t\t\t\t\t\t\t\t\t<\/div>\n\t\t\t\t<\/div>\n\t\t\t\t\t<\/div>\n\t\t<\/div>\n\t\t\t\t\t<\/div>\n\t\t<\/section>\n\t\t\t\t<\/div>","protected":false},"excerpt":{"rendered":"<p>\u00dcBER BERHALTER Das Gesch\u00e4ftsfeld tec-spiration der Berhalter AG ist ein ISO 9001 \/ EN-9100 zertifizierter Fertigungsbetrieb von kubischen Pr\u00e4zisionsteilen, Strukturkomponenten und Baugruppen mit \u00fcber 60 Jahren Fertigungserfahrung. Das Unternehmen mit seinen flexiblen und anpassungsf\u00e4higen Systemen ist sowohl f\u00fcr Prototypen, Vorserien als auch f\u00fcr Serienproduktionen geeignet und zeichnet sich durch hohe Qualit\u00e4tssicherung und Zuverl\u00e4ssigkeit aus. Da [&hellip;]<\/p>","protected":false},"author":1,"featured_media":0,"parent":0,"menu_order":0,"comment_status":"closed","ping_status":"closed","template":"elementor_theme","meta":{"footnotes":""},"class_list":["post-20","page","type-page","status-publish","hentry"],"yoast_head":"<!-- This site is optimized with the Yoast SEO plugin v24.7 - https:\/\/yoast.com\/wordpress\/plugins\/seo\/ -->\n<title>\u00dcber uns - BERHALTER Tec-Spiration<\/title>\n<meta name=\"robots\" content=\"index, follow, max-snippet:-1, max-image-preview:large, max-video-preview:-1\" \/>\n<link rel=\"canonical\" href=\"https:\/\/berhalter.green\/en\/ueber-uns\/\" \/>\n<meta property=\"og:locale\" content=\"en_GB\" \/>\n<meta property=\"og:type\" content=\"article\" \/>\n<meta property=\"og:title\" content=\"\u00dcber uns - BERHALTER Tec-Spiration\" \/>\n<meta property=\"og:description\" content=\"\u00dcBER BERHALTER Das Gesch\u00e4ftsfeld tec-spiration der Berhalter AG ist ein ISO 9001 \/ EN-9100 zertifizierter Fertigungsbetrieb von kubischen Pr\u00e4zisionsteilen, Strukturkomponenten und Baugruppen mit \u00fcber 60 Jahren Fertigungserfahrung. Das Unternehmen mit seinen flexiblen und anpassungsf\u00e4higen Systemen ist sowohl f\u00fcr Prototypen, Vorserien als auch f\u00fcr Serienproduktionen geeignet und zeichnet sich durch hohe Qualit\u00e4tssicherung und Zuverl\u00e4ssigkeit aus. Da [&hellip;]\" \/>\n<meta property=\"og:url\" content=\"https:\/\/berhalter.green\/en\/ueber-uns\/\" \/>\n<meta property=\"og:site_name\" content=\"BERHALTER Tec-Spiration\" \/>\n<meta property=\"article:modified_time\" content=\"2025-03-26T14:41:59+00:00\" \/>\n<meta property=\"og:image\" content=\"https:\/\/berhalter.green\/wp-content\/uploads\/2021\/04\/Berhalter-Firma-im-Drohnenflug-scaled.jpeg\" \/>\n\t<meta property=\"og:image:width\" content=\"2560\" \/>\n\t<meta property=\"og:image:height\" content=\"1920\" \/>\n\t<meta property=\"og:image:type\" content=\"image\/jpeg\" \/>\n<meta name=\"twitter:card\" content=\"summary_large_image\" \/>\n<meta name=\"twitter:label1\" content=\"Estimated reading time\" \/>\n\t<meta name=\"twitter:data1\" content=\"2 minutes\" \/>\n<script type=\"application\/ld+json\" class=\"yoast-schema-graph\">{\"@context\":\"https:\/\/schema.org\",\"@graph\":[{\"@type\":\"WebPage\",\"@id\":\"https:\/\/berhalter.green\/ueber-uns\/\",\"url\":\"https:\/\/berhalter.green\/ueber-uns\/\",\"name\":\"\u00dcber uns - BERHALTER Tec-Spiration\",\"isPartOf\":{\"@id\":\"https:\/\/berhalter.green\/#website\"},\"primaryImageOfPage\":{\"@id\":\"https:\/\/berhalter.green\/ueber-uns\/#primaryimage\"},\"image\":{\"@id\":\"https:\/\/berhalter.green\/ueber-uns\/#primaryimage\"},\"thumbnailUrl\":\"https:\/\/berhalter.green\/wp-content\/uploads\/2021\/04\/Berhalter-Firma-im-Drohnenflug-1024x768.jpeg\",\"datePublished\":\"2021-04-15T22:06:16+00:00\",\"dateModified\":\"2025-03-26T14:41:59+00:00\",\"breadcrumb\":{\"@id\":\"https:\/\/berhalter.green\/ueber-uns\/#breadcrumb\"},\"inLanguage\":\"en-GB\",\"potentialAction\":[{\"@type\":\"ReadAction\",\"target\":[\"https:\/\/berhalter.green\/ueber-uns\/\"]}]},{\"@type\":\"ImageObject\",\"inLanguage\":\"en-GB\",\"@id\":\"https:\/\/berhalter.green\/ueber-uns\/#primaryimage\",\"url\":\"https:\/\/berhalter.green\/wp-content\/uploads\/2021\/04\/Berhalter-Firma-im-Drohnenflug-1024x768.jpeg\",\"contentUrl\":\"https:\/\/berhalter.green\/wp-content\/uploads\/2021\/04\/Berhalter-Firma-im-Drohnenflug-1024x768.jpeg\"},{\"@type\":\"BreadcrumbList\",\"@id\":\"https:\/\/berhalter.green\/ueber-uns\/#breadcrumb\",\"itemListElement\":[{\"@type\":\"ListItem\",\"position\":1,\"name\":\"Startseite\",\"item\":\"https:\/\/berhalter.green\/\"},{\"@type\":\"ListItem\",\"position\":2,\"name\":\"\u00dcber uns\"}]},{\"@type\":\"WebSite\",\"@id\":\"https:\/\/berhalter.green\/#website\",\"url\":\"https:\/\/berhalter.green\/\",\"name\":\"BERHALTER Tec-Spiration\",\"description\":\"Ihr innovativer Partner f\u00fcr kubische Fertigungsteile.\",\"publisher\":{\"@id\":\"https:\/\/berhalter.green\/#organization\"},\"potentialAction\":[{\"@type\":\"SearchAction\",\"target\":{\"@type\":\"EntryPoint\",\"urlTemplate\":\"https:\/\/berhalter.green\/?s={search_term_string}\"},\"query-input\":{\"@type\":\"PropertyValueSpecification\",\"valueRequired\":true,\"valueName\":\"search_term_string\"}}],\"inLanguage\":\"en-GB\"},{\"@type\":\"Organization\",\"@id\":\"https:\/\/berhalter.green\/#organization\",\"name\":\"BERHALTER Tec-Spiration\",\"url\":\"https:\/\/berhalter.green\/\",\"logo\":{\"@type\":\"ImageObject\",\"inLanguage\":\"en-GB\",\"@id\":\"https:\/\/berhalter.green\/#\/schema\/logo\/image\/\",\"url\":\"https:\/\/berhalter.green\/wp-content\/uploads\/2021\/04\/BERHALTER-tec-spiration_horizontal_gruen.png\",\"contentUrl\":\"https:\/\/berhalter.green\/wp-content\/uploads\/2021\/04\/BERHALTER-tec-spiration_horizontal_gruen.png\",\"width\":1746,\"height\":322,\"caption\":\"BERHALTER Tec-Spiration\"},\"image\":{\"@id\":\"https:\/\/berhalter.green\/#\/schema\/logo\/image\/\"}}]}<\/script>\n<!-- \/ Yoast SEO plugin. -->","yoast_head_json":{"title":"\u00dcber uns - BERHALTER Tec-Spiration","robots":{"index":"index","follow":"follow","max-snippet":"max-snippet:-1","max-image-preview":"max-image-preview:large","max-video-preview":"max-video-preview:-1"},"canonical":"https:\/\/berhalter.green\/en\/ueber-uns\/","og_locale":"en_GB","og_type":"article","og_title":"\u00dcber uns - BERHALTER Tec-Spiration","og_description":"\u00dcBER BERHALTER Das Gesch\u00e4ftsfeld tec-spiration der Berhalter AG ist ein ISO 9001 \/ EN-9100 zertifizierter Fertigungsbetrieb von kubischen Pr\u00e4zisionsteilen, Strukturkomponenten und Baugruppen mit \u00fcber 60 Jahren Fertigungserfahrung. Das Unternehmen mit seinen flexiblen und anpassungsf\u00e4higen Systemen ist sowohl f\u00fcr Prototypen, Vorserien als auch f\u00fcr Serienproduktionen geeignet und zeichnet sich durch hohe Qualit\u00e4tssicherung und Zuverl\u00e4ssigkeit aus. Da [&hellip;]","og_url":"https:\/\/berhalter.green\/en\/ueber-uns\/","og_site_name":"BERHALTER Tec-Spiration","article_modified_time":"2025-03-26T14:41:59+00:00","og_image":[{"width":2560,"height":1920,"url":"https:\/\/berhalter.green\/wp-content\/uploads\/2021\/04\/Berhalter-Firma-im-Drohnenflug-scaled.jpeg","type":"image\/jpeg"}],"twitter_card":"summary_large_image","twitter_misc":{"Estimated reading time":"2 minutes"},"schema":{"@context":"https:\/\/schema.org","@graph":[{"@type":"WebPage","@id":"https:\/\/berhalter.green\/ueber-uns\/","url":"https:\/\/berhalter.green\/ueber-uns\/","name":"\u00dcber uns - BERHALTER Tec-Spiration","isPartOf":{"@id":"https:\/\/berhalter.green\/#website"},"primaryImageOfPage":{"@id":"https:\/\/berhalter.green\/ueber-uns\/#primaryimage"},"image":{"@id":"https:\/\/berhalter.green\/ueber-uns\/#primaryimage"},"thumbnailUrl":"https:\/\/berhalter.green\/wp-content\/uploads\/2021\/04\/Berhalter-Firma-im-Drohnenflug-1024x768.jpeg","datePublished":"2021-04-15T22:06:16+00:00","dateModified":"2025-03-26T14:41:59+00:00","breadcrumb":{"@id":"https:\/\/berhalter.green\/ueber-uns\/#breadcrumb"},"inLanguage":"en-GB","potentialAction":[{"@type":"ReadAction","target":["https:\/\/berhalter.green\/ueber-uns\/"]}]},{"@type":"ImageObject","inLanguage":"en-GB","@id":"https:\/\/berhalter.green\/ueber-uns\/#primaryimage","url":"https:\/\/berhalter.green\/wp-content\/uploads\/2021\/04\/Berhalter-Firma-im-Drohnenflug-1024x768.jpeg","contentUrl":"https:\/\/berhalter.green\/wp-content\/uploads\/2021\/04\/Berhalter-Firma-im-Drohnenflug-1024x768.jpeg"},{"@type":"BreadcrumbList","@id":"https:\/\/berhalter.green\/ueber-uns\/#breadcrumb","itemListElement":[{"@type":"ListItem","position":1,"name":"Startseite","item":"https:\/\/berhalter.green\/"},{"@type":"ListItem","position":2,"name":"\u00dcber uns"}]},{"@type":"WebSite","@id":"https:\/\/berhalter.green\/#website","url":"https:\/\/berhalter.green\/","name":"BERHALTER Tec-Spiration","description":"Ihr innovativer Partner f\u00fcr kubische Fertigungsteile.","publisher":{"@id":"https:\/\/berhalter.green\/#organization"},"potentialAction":[{"@type":"SearchAction","target":{"@type":"EntryPoint","urlTemplate":"https:\/\/berhalter.green\/?s={search_term_string}"},"query-input":{"@type":"PropertyValueSpecification","valueRequired":true,"valueName":"search_term_string"}}],"inLanguage":"en-GB"},{"@type":"Organization","@id":"https:\/\/berhalter.green\/#organization","name":"BERHALTER Tec-Spiration","url":"https:\/\/berhalter.green\/","logo":{"@type":"ImageObject","inLanguage":"en-GB","@id":"https:\/\/berhalter.green\/#\/schema\/logo\/image\/","url":"https:\/\/berhalter.green\/wp-content\/uploads\/2021\/04\/BERHALTER-tec-spiration_horizontal_gruen.png","contentUrl":"https:\/\/berhalter.green\/wp-content\/uploads\/2021\/04\/BERHALTER-tec-spiration_horizontal_gruen.png","width":1746,"height":322,"caption":"BERHALTER Tec-Spiration"},"image":{"@id":"https:\/\/berhalter.green\/#\/schema\/logo\/image\/"}}]}},"_links":{"self":[{"href":"https:\/\/berhalter.green\/en\/wp-json\/wp\/v2\/pages\/20","targetHints":{"allow":["GET"]}}],"collection":[{"href":"https:\/\/berhalter.green\/en\/wp-json\/wp\/v2\/pages"}],"about":[{"href":"https:\/\/berhalter.green\/en\/wp-json\/wp\/v2\/types\/page"}],"author":[{"embeddable":true,"href":"https:\/\/berhalter.green\/en\/wp-json\/wp\/v2\/users\/1"}],"replies":[{"embeddable":true,"href":"https:\/\/berhalter.green\/en\/wp-json\/wp\/v2\/comments?post=20"}],"version-history":[{"count":58,"href":"https:\/\/berhalter.green\/en\/wp-json\/wp\/v2\/pages\/20\/revisions"}],"predecessor-version":[{"id":1402,"href":"https:\/\/berhalter.green\/en\/wp-json\/wp\/v2\/pages\/20\/revisions\/1402"}],"wp:attachment":[{"href":"https:\/\/berhalter.green\/en\/wp-json\/wp\/v2\/media?parent=20"}],"curies":[{"name":"wp","href":"https:\/\/api.w.org\/{rel}","templated":true}]}}