{"id":260,"date":"2021-05-05T18:42:57","date_gmt":"2021-05-05T18:42:57","guid":{"rendered":"https:\/\/berhalter.codia.ch\/?page_id=260"},"modified":"2021-06-17T08:32:06","modified_gmt":"2021-06-17T08:32:06","slug":"maschinen-anlagebau","status":"publish","type":"page","link":"https:\/\/berhalter.green\/en\/maschinen-anlagebau\/","title":{"rendered":"Mechanical engineering"},"content":{"rendered":"<div data-elementor-type=\"wp-page\" data-elementor-id=\"260\" class=\"elementor elementor-260\" data-elementor-post-type=\"page\">\n\t\t\t\t\t\t<section class=\"elementor-section elementor-top-section elementor-element elementor-element-279e346 elementor-section-full_width elementor-section-height-default elementor-section-height-default\" data-id=\"279e346\" data-element_type=\"section\">\n\t\t\t\t\t\t<div class=\"elementor-container elementor-column-gap-default\">\n\t\t\t\t\t<div class=\"elementor-column elementor-col-100 elementor-top-column elementor-element elementor-element-68cceb7\" data-id=\"68cceb7\" data-element_type=\"column\">\n\t\t\t<div class=\"elementor-widget-wrap elementor-element-populated\">\n\t\t\t\t\t\t<div class=\"elementor-element elementor-element-970677b elementor--h-position-left elementor--v-position-top elementor-arrows-position-inside elementor-pagination-position-inside elementor-widget elementor-widget-slides\" data-id=\"970677b\" data-element_type=\"widget\" data-settings=\"{&quot;autoplay_speed&quot;:10000,&quot;navigation&quot;:&quot;both&quot;,&quot;autoplay&quot;:&quot;yes&quot;,&quot;pause_on_hover&quot;:&quot;yes&quot;,&quot;pause_on_interaction&quot;:&quot;yes&quot;,&quot;infinite&quot;:&quot;yes&quot;,&quot;transition&quot;:&quot;slide&quot;,&quot;transition_speed&quot;:500}\" data-widget_type=\"slides.default\">\n\t\t\t\t<div class=\"elementor-widget-container\">\n\t\t\t\t\t\t\t\t\t<div class=\"elementor-swiper\">\n\t\t\t\t\t<div class=\"elementor-slides-wrapper elementor-main-swiper swiper\" role=\"region\" aria-roledescription=\"carousel\" aria-label=\"Slides\" dir=\"ltr\" data-animation=\"fadeInUp\">\n\t\t\t\t<div class=\"swiper-wrapper elementor-slides\">\n\t\t\t\t\t\t\t\t\t\t<div class=\"elementor-repeater-item-0e9e7de swiper-slide\" role=\"group\" aria-roledescription=\"slide\"><div class=\"swiper-slide-bg\" role=\"img\"><\/div><div class=\"elementor-background-overlay\"><\/div><div class=\"swiper-slide-inner\" ><div class=\"swiper-slide-contents\"><div class=\"elementor-slide-heading\">Mechanical engineering<\/div><div class=\"elementor-slide-description\">Our many years of experience in machining a wide range of cubic parts in steel, aluminium, titanium or plastics make us the right manufacturing partner for you. We offer you everything from a single source, from individual parts to small series and even as a general contractor for component assembly.<\/div><\/div><\/div><\/div><div class=\"elementor-repeater-item-30cb9d9 swiper-slide\" role=\"group\" aria-roledescription=\"slide\"><div class=\"swiper-slide-bg\" role=\"img\"><\/div><div class=\"swiper-slide-inner\" ><div class=\"swiper-slide-contents\"><\/div><\/div><\/div><div class=\"elementor-repeater-item-b0fc739 swiper-slide\" role=\"group\" aria-roledescription=\"slide\"><div class=\"swiper-slide-bg\" role=\"img\"><\/div><div class=\"swiper-slide-inner\" ><div class=\"swiper-slide-contents\"><\/div><\/div><\/div><div class=\"elementor-repeater-item-9fd701b swiper-slide\" role=\"group\" aria-roledescription=\"slide\"><div class=\"swiper-slide-bg\" role=\"img\"><\/div><div class=\"swiper-slide-inner\" ><div class=\"swiper-slide-contents\"><\/div><\/div><\/div>\t\t\t\t<\/div>\n\t\t\t\t\t\t\t\t\t\t\t\t\t\t\t<div class=\"elementor-swiper-button elementor-swiper-button-prev\" role=\"button\" tabindex=\"0\" aria-label=\"Previous slide\">\n\t\t\t\t\t\t\t<i aria-hidden=\"true\" class=\"eicon-chevron-left\"><\/i>\t\t\t\t\t\t<\/div>\n\t\t\t\t\t\t<div class=\"elementor-swiper-button elementor-swiper-button-next\" role=\"button\" tabindex=\"0\" aria-label=\"Next slide\">\n\t\t\t\t\t\t\t<i aria-hidden=\"true\" class=\"eicon-chevron-right\"><\/i>\t\t\t\t\t\t<\/div>\n\t\t\t\t\t\t\t\t\t\t\t\t\t\t\t\t<div class=\"swiper-pagination\"><\/div>\n\t\t\t\t\t\t\t\t\t\t\t\t<\/div>\n\t\t\t\t<\/div>\n\t\t\t\t\t\t\t\t<\/div>\n\t\t\t\t<\/div>\n\t\t\t\t\t<\/div>\n\t\t<\/div>\n\t\t\t\t\t<\/div>\n\t\t<\/section>\n\t\t\t\t<\/div>","protected":false},"excerpt":{"rendered":"<p>Maschinen- AnlagebauDurch unsere langj\u00e4hrige Erfahrung in der Bearbeitung unterschiedlichster kubischer Teile in Stahl, Aluminium, Titan oder Kunstoffen sind wir f\u00fcr Sie der richtige Fertigungspartner. Wir bieten Ihnen vom Einzelteil \u00fcber Kleinserien bis hin als GU f\u00fcr die Baugruppenmontage alles aus einer Hand. Voriger N\u00e4chster<\/p>","protected":false},"author":1,"featured_media":0,"parent":0,"menu_order":0,"comment_status":"closed","ping_status":"closed","template":"","meta":{"footnotes":""},"class_list":["post-260","page","type-page","status-publish","hentry"],"yoast_head":"<!-- This site is optimized with the Yoast SEO plugin v24.7 - https:\/\/yoast.com\/wordpress\/plugins\/seo\/ -->\n<title>Maschinen- Anlagebau - BERHALTER Tec-Spiration<\/title>\n<meta name=\"robots\" content=\"index, follow, max-snippet:-1, max-image-preview:large, max-video-preview:-1\" \/>\n<link rel=\"canonical\" href=\"https:\/\/berhalter.green\/en\/maschinen-anlagebau\/\" \/>\n<meta property=\"og:locale\" content=\"en_GB\" \/>\n<meta property=\"og:type\" content=\"article\" \/>\n<meta property=\"og:title\" content=\"Maschinen- Anlagebau - BERHALTER Tec-Spiration\" \/>\n<meta property=\"og:description\" content=\"Maschinen- AnlagebauDurch unsere langj\u00e4hrige Erfahrung in der Bearbeitung unterschiedlichster kubischer Teile in Stahl, Aluminium, Titan oder Kunstoffen sind wir f\u00fcr Sie der richtige Fertigungspartner. Wir bieten Ihnen vom Einzelteil \u00fcber Kleinserien bis hin als GU f\u00fcr die Baugruppenmontage alles aus einer Hand. Voriger N\u00e4chster\" \/>\n<meta property=\"og:url\" content=\"https:\/\/berhalter.green\/en\/maschinen-anlagebau\/\" \/>\n<meta property=\"og:site_name\" content=\"BERHALTER Tec-Spiration\" \/>\n<meta property=\"article:modified_time\" content=\"2021-06-17T08:32:06+00:00\" \/>\n<meta name=\"twitter:card\" content=\"summary_large_image\" \/>\n<script type=\"application\/ld+json\" class=\"yoast-schema-graph\">{\"@context\":\"https:\/\/schema.org\",\"@graph\":[{\"@type\":\"WebPage\",\"@id\":\"https:\/\/berhalter.green\/maschinen-anlagebau\/\",\"url\":\"https:\/\/berhalter.green\/maschinen-anlagebau\/\",\"name\":\"Maschinen- Anlagebau - BERHALTER Tec-Spiration\",\"isPartOf\":{\"@id\":\"https:\/\/berhalter.green\/#website\"},\"datePublished\":\"2021-05-05T18:42:57+00:00\",\"dateModified\":\"2021-06-17T08:32:06+00:00\",\"breadcrumb\":{\"@id\":\"https:\/\/berhalter.green\/maschinen-anlagebau\/#breadcrumb\"},\"inLanguage\":\"en-GB\",\"potentialAction\":[{\"@type\":\"ReadAction\",\"target\":[\"https:\/\/berhalter.green\/maschinen-anlagebau\/\"]}]},{\"@type\":\"BreadcrumbList\",\"@id\":\"https:\/\/berhalter.green\/maschinen-anlagebau\/#breadcrumb\",\"itemListElement\":[{\"@type\":\"ListItem\",\"position\":1,\"name\":\"Startseite\",\"item\":\"https:\/\/berhalter.green\/\"},{\"@type\":\"ListItem\",\"position\":2,\"name\":\"Maschinen- Anlagebau\"}]},{\"@type\":\"WebSite\",\"@id\":\"https:\/\/berhalter.green\/#website\",\"url\":\"https:\/\/berhalter.green\/\",\"name\":\"BERHALTER Tec-Spiration\",\"description\":\"Ihr innovativer Partner f\u00fcr kubische Fertigungsteile.\",\"publisher\":{\"@id\":\"https:\/\/berhalter.green\/#organization\"},\"potentialAction\":[{\"@type\":\"SearchAction\",\"target\":{\"@type\":\"EntryPoint\",\"urlTemplate\":\"https:\/\/berhalter.green\/?s={search_term_string}\"},\"query-input\":{\"@type\":\"PropertyValueSpecification\",\"valueRequired\":true,\"valueName\":\"search_term_string\"}}],\"inLanguage\":\"en-GB\"},{\"@type\":\"Organization\",\"@id\":\"https:\/\/berhalter.green\/#organization\",\"name\":\"BERHALTER Tec-Spiration\",\"url\":\"https:\/\/berhalter.green\/\",\"logo\":{\"@type\":\"ImageObject\",\"inLanguage\":\"en-GB\",\"@id\":\"https:\/\/berhalter.green\/#\/schema\/logo\/image\/\",\"url\":\"https:\/\/berhalter.green\/wp-content\/uploads\/2021\/04\/BERHALTER-tec-spiration_horizontal_gruen.png\",\"contentUrl\":\"https:\/\/berhalter.green\/wp-content\/uploads\/2021\/04\/BERHALTER-tec-spiration_horizontal_gruen.png\",\"width\":1746,\"height\":322,\"caption\":\"BERHALTER Tec-Spiration\"},\"image\":{\"@id\":\"https:\/\/berhalter.green\/#\/schema\/logo\/image\/\"}}]}<\/script>\n<!-- \/ Yoast SEO plugin. -->","yoast_head_json":{"title":"Maschinen- Anlagebau - BERHALTER Tec-Spiration","robots":{"index":"index","follow":"follow","max-snippet":"max-snippet:-1","max-image-preview":"max-image-preview:large","max-video-preview":"max-video-preview:-1"},"canonical":"https:\/\/berhalter.green\/en\/maschinen-anlagebau\/","og_locale":"en_GB","og_type":"article","og_title":"Maschinen- Anlagebau - BERHALTER Tec-Spiration","og_description":"Maschinen- AnlagebauDurch unsere langj\u00e4hrige Erfahrung in der Bearbeitung unterschiedlichster kubischer Teile in Stahl, Aluminium, Titan oder Kunstoffen sind wir f\u00fcr Sie der richtige Fertigungspartner. Wir bieten Ihnen vom Einzelteil \u00fcber Kleinserien bis hin als GU f\u00fcr die Baugruppenmontage alles aus einer Hand. Voriger N\u00e4chster","og_url":"https:\/\/berhalter.green\/en\/maschinen-anlagebau\/","og_site_name":"BERHALTER Tec-Spiration","article_modified_time":"2021-06-17T08:32:06+00:00","twitter_card":"summary_large_image","schema":{"@context":"https:\/\/schema.org","@graph":[{"@type":"WebPage","@id":"https:\/\/berhalter.green\/maschinen-anlagebau\/","url":"https:\/\/berhalter.green\/maschinen-anlagebau\/","name":"Maschinen- Anlagebau - BERHALTER Tec-Spiration","isPartOf":{"@id":"https:\/\/berhalter.green\/#website"},"datePublished":"2021-05-05T18:42:57+00:00","dateModified":"2021-06-17T08:32:06+00:00","breadcrumb":{"@id":"https:\/\/berhalter.green\/maschinen-anlagebau\/#breadcrumb"},"inLanguage":"en-GB","potentialAction":[{"@type":"ReadAction","target":["https:\/\/berhalter.green\/maschinen-anlagebau\/"]}]},{"@type":"BreadcrumbList","@id":"https:\/\/berhalter.green\/maschinen-anlagebau\/#breadcrumb","itemListElement":[{"@type":"ListItem","position":1,"name":"Startseite","item":"https:\/\/berhalter.green\/"},{"@type":"ListItem","position":2,"name":"Maschinen- Anlagebau"}]},{"@type":"WebSite","@id":"https:\/\/berhalter.green\/#website","url":"https:\/\/berhalter.green\/","name":"BERHALTER Tec-Spiration","description":"Ihr innovativer Partner f\u00fcr kubische Fertigungsteile.","publisher":{"@id":"https:\/\/berhalter.green\/#organization"},"potentialAction":[{"@type":"SearchAction","target":{"@type":"EntryPoint","urlTemplate":"https:\/\/berhalter.green\/?s={search_term_string}"},"query-input":{"@type":"PropertyValueSpecification","valueRequired":true,"valueName":"search_term_string"}}],"inLanguage":"en-GB"},{"@type":"Organization","@id":"https:\/\/berhalter.green\/#organization","name":"BERHALTER Tec-Spiration","url":"https:\/\/berhalter.green\/","logo":{"@type":"ImageObject","inLanguage":"en-GB","@id":"https:\/\/berhalter.green\/#\/schema\/logo\/image\/","url":"https:\/\/berhalter.green\/wp-content\/uploads\/2021\/04\/BERHALTER-tec-spiration_horizontal_gruen.png","contentUrl":"https:\/\/berhalter.green\/wp-content\/uploads\/2021\/04\/BERHALTER-tec-spiration_horizontal_gruen.png","width":1746,"height":322,"caption":"BERHALTER Tec-Spiration"},"image":{"@id":"https:\/\/berhalter.green\/#\/schema\/logo\/image\/"}}]}},"_links":{"self":[{"href":"https:\/\/berhalter.green\/en\/wp-json\/wp\/v2\/pages\/260","targetHints":{"allow":["GET"]}}],"collection":[{"href":"https:\/\/berhalter.green\/en\/wp-json\/wp\/v2\/pages"}],"about":[{"href":"https:\/\/berhalter.green\/en\/wp-json\/wp\/v2\/types\/page"}],"author":[{"embeddable":true,"href":"https:\/\/berhalter.green\/en\/wp-json\/wp\/v2\/users\/1"}],"replies":[{"embeddable":true,"href":"https:\/\/berhalter.green\/en\/wp-json\/wp\/v2\/comments?post=260"}],"version-history":[{"count":70,"href":"https:\/\/berhalter.green\/en\/wp-json\/wp\/v2\/pages\/260\/revisions"}],"predecessor-version":[{"id":874,"href":"https:\/\/berhalter.green\/en\/wp-json\/wp\/v2\/pages\/260\/revisions\/874"}],"wp:attachment":[{"href":"https:\/\/berhalter.green\/en\/wp-json\/wp\/v2\/media?parent=260"}],"curies":[{"name":"wp","href":"https:\/\/api.w.org\/{rel}","templated":true}]}}