{"id":293,"date":"2021-05-05T19:00:41","date_gmt":"2021-05-05T19:00:41","guid":{"rendered":"https:\/\/berhalter.codia.ch\/?page_id=293"},"modified":"2021-05-21T09:55:17","modified_gmt":"2021-05-21T09:55:17","slug":"mobilitaet-und-transport","status":"publish","type":"page","link":"https:\/\/berhalter.green\/en\/mobilitaet-und-transport\/","title":{"rendered":"Mobility and Transport"},"content":{"rendered":"<div data-elementor-type=\"wp-page\" data-elementor-id=\"293\" class=\"elementor elementor-293\" data-elementor-post-type=\"page\">\n\t\t\t\t\t\t<section class=\"elementor-section elementor-top-section elementor-element elementor-element-df47b63 elementor-section-full_width elementor-section-height-default elementor-section-height-default\" data-id=\"df47b63\" data-element_type=\"section\">\n\t\t\t\t\t\t<div class=\"elementor-container elementor-column-gap-default\">\n\t\t\t\t\t<div class=\"elementor-column elementor-col-100 elementor-top-column elementor-element elementor-element-1fdf5ee\" data-id=\"1fdf5ee\" data-element_type=\"column\">\n\t\t\t<div class=\"elementor-widget-wrap elementor-element-populated\">\n\t\t\t\t\t\t<div class=\"elementor-element elementor-element-32dc4de elementor--h-position-left elementor--v-position-top elementor-arrows-position-inside elementor-pagination-position-inside elementor-widget elementor-widget-slides\" data-id=\"32dc4de\" data-element_type=\"widget\" data-settings=\"{&quot;autoplay_speed&quot;:10000,&quot;navigation&quot;:&quot;both&quot;,&quot;autoplay&quot;:&quot;yes&quot;,&quot;pause_on_hover&quot;:&quot;yes&quot;,&quot;pause_on_interaction&quot;:&quot;yes&quot;,&quot;infinite&quot;:&quot;yes&quot;,&quot;transition&quot;:&quot;slide&quot;,&quot;transition_speed&quot;:500}\" data-widget_type=\"slides.default\">\n\t\t\t\t<div class=\"elementor-widget-container\">\n\t\t\t\t\t\t\t\t\t<div class=\"elementor-swiper\">\n\t\t\t\t\t<div class=\"elementor-slides-wrapper elementor-main-swiper swiper\" role=\"region\" aria-roledescription=\"carousel\" aria-label=\"Slides\" dir=\"ltr\" data-animation=\"fadeInUp\">\n\t\t\t\t<div class=\"swiper-wrapper elementor-slides\">\n\t\t\t\t\t\t\t\t\t\t<div class=\"elementor-repeater-item-6d320a8 swiper-slide\" role=\"group\" aria-roledescription=\"slide\"><div class=\"swiper-slide-bg\" role=\"img\"><\/div><div class=\"elementor-background-overlay\"><\/div><div class=\"swiper-slide-inner\" ><div class=\"swiper-slide-contents\"><div class=\"elementor-slide-heading\">Mobility and Transport<\/div><div class=\"elementor-slide-description\">Individual parts and series are produced on schedule in TOP quality thanks to our flexibility.\nWe implement this optimally with our qualified specialist staff and our modern machinery.<\/div><\/div><\/div><\/div><div class=\"elementor-repeater-item-9aad818 swiper-slide\" role=\"group\" aria-roledescription=\"slide\"><div class=\"swiper-slide-bg\" role=\"img\"><\/div><div class=\"swiper-slide-inner\" ><div class=\"swiper-slide-contents\"><\/div><\/div><\/div><div class=\"elementor-repeater-item-eacbde3 swiper-slide\" role=\"group\" aria-roledescription=\"slide\"><div class=\"swiper-slide-bg\" role=\"img\"><\/div><div class=\"swiper-slide-inner\" ><div class=\"swiper-slide-contents\"><\/div><\/div><\/div>\t\t\t\t<\/div>\n\t\t\t\t\t\t\t\t\t\t\t\t\t\t\t<div class=\"elementor-swiper-button elementor-swiper-button-prev\" role=\"button\" tabindex=\"0\" aria-label=\"Previous slide\">\n\t\t\t\t\t\t\t<i aria-hidden=\"true\" class=\"eicon-chevron-left\"><\/i>\t\t\t\t\t\t<\/div>\n\t\t\t\t\t\t<div class=\"elementor-swiper-button elementor-swiper-button-next\" role=\"button\" tabindex=\"0\" aria-label=\"Next slide\">\n\t\t\t\t\t\t\t<i aria-hidden=\"true\" class=\"eicon-chevron-right\"><\/i>\t\t\t\t\t\t<\/div>\n\t\t\t\t\t\t\t\t\t\t\t\t\t\t\t\t<div class=\"swiper-pagination\"><\/div>\n\t\t\t\t\t\t\t\t\t\t\t\t<\/div>\n\t\t\t\t<\/div>\n\t\t\t\t\t\t\t\t<\/div>\n\t\t\t\t<\/div>\n\t\t\t\t\t<\/div>\n\t\t<\/div>\n\t\t\t\t\t<\/div>\n\t\t<\/section>\n\t\t\t\t<\/div>","protected":false},"excerpt":{"rendered":"<p>Mobilit\u00e4t und TransportEinzelteile und Serien werden durch unsere Flexibilit\u00e4t termingerecht in TOP-Qualit\u00e4t produziert. Dies setzen wir mit unserem qualifizierten Fachpersonal und unserem modernen Maschinenpark optimal um. Previous Next<\/p>","protected":false},"author":1,"featured_media":0,"parent":0,"menu_order":0,"comment_status":"closed","ping_status":"closed","template":"","meta":{"footnotes":""},"class_list":["post-293","page","type-page","status-publish","hentry"],"yoast_head":"<!-- This site is optimized with the Yoast SEO plugin v24.7 - https:\/\/yoast.com\/wordpress\/plugins\/seo\/ -->\n<title>Mobilit\u00e4t und Transport - BERHALTER Tec-Spiration<\/title>\n<meta name=\"robots\" content=\"index, follow, max-snippet:-1, max-image-preview:large, max-video-preview:-1\" \/>\n<link rel=\"canonical\" href=\"https:\/\/berhalter.green\/en\/mobilitaet-und-transport\/\" \/>\n<meta property=\"og:locale\" content=\"en_GB\" \/>\n<meta property=\"og:type\" content=\"article\" \/>\n<meta property=\"og:title\" content=\"Mobilit\u00e4t und Transport - BERHALTER Tec-Spiration\" \/>\n<meta property=\"og:description\" content=\"Mobilit\u00e4t und TransportEinzelteile und Serien werden durch unsere Flexibilit\u00e4t termingerecht in TOP-Qualit\u00e4t produziert. Dies setzen wir mit unserem qualifizierten Fachpersonal und unserem modernen Maschinenpark optimal um. Previous Next\" \/>\n<meta property=\"og:url\" content=\"https:\/\/berhalter.green\/en\/mobilitaet-und-transport\/\" \/>\n<meta property=\"og:site_name\" content=\"BERHALTER Tec-Spiration\" \/>\n<meta property=\"article:modified_time\" content=\"2021-05-21T09:55:17+00:00\" \/>\n<meta name=\"twitter:card\" content=\"summary_large_image\" \/>\n<script type=\"application\/ld+json\" class=\"yoast-schema-graph\">{\"@context\":\"https:\/\/schema.org\",\"@graph\":[{\"@type\":\"WebPage\",\"@id\":\"https:\/\/berhalter.green\/mobilitaet-und-transport\/\",\"url\":\"https:\/\/berhalter.green\/mobilitaet-und-transport\/\",\"name\":\"Mobilit\u00e4t und Transport - BERHALTER Tec-Spiration\",\"isPartOf\":{\"@id\":\"https:\/\/berhalter.green\/#website\"},\"datePublished\":\"2021-05-05T19:00:41+00:00\",\"dateModified\":\"2021-05-21T09:55:17+00:00\",\"breadcrumb\":{\"@id\":\"https:\/\/berhalter.green\/mobilitaet-und-transport\/#breadcrumb\"},\"inLanguage\":\"en-GB\",\"potentialAction\":[{\"@type\":\"ReadAction\",\"target\":[\"https:\/\/berhalter.green\/mobilitaet-und-transport\/\"]}]},{\"@type\":\"BreadcrumbList\",\"@id\":\"https:\/\/berhalter.green\/mobilitaet-und-transport\/#breadcrumb\",\"itemListElement\":[{\"@type\":\"ListItem\",\"position\":1,\"name\":\"Startseite\",\"item\":\"https:\/\/berhalter.green\/\"},{\"@type\":\"ListItem\",\"position\":2,\"name\":\"Mobilit\u00e4t und Transport\"}]},{\"@type\":\"WebSite\",\"@id\":\"https:\/\/berhalter.green\/#website\",\"url\":\"https:\/\/berhalter.green\/\",\"name\":\"BERHALTER Tec-Spiration\",\"description\":\"Ihr innovativer Partner f\u00fcr kubische Fertigungsteile.\",\"publisher\":{\"@id\":\"https:\/\/berhalter.green\/#organization\"},\"potentialAction\":[{\"@type\":\"SearchAction\",\"target\":{\"@type\":\"EntryPoint\",\"urlTemplate\":\"https:\/\/berhalter.green\/?s={search_term_string}\"},\"query-input\":{\"@type\":\"PropertyValueSpecification\",\"valueRequired\":true,\"valueName\":\"search_term_string\"}}],\"inLanguage\":\"en-GB\"},{\"@type\":\"Organization\",\"@id\":\"https:\/\/berhalter.green\/#organization\",\"name\":\"BERHALTER Tec-Spiration\",\"url\":\"https:\/\/berhalter.green\/\",\"logo\":{\"@type\":\"ImageObject\",\"inLanguage\":\"en-GB\",\"@id\":\"https:\/\/berhalter.green\/#\/schema\/logo\/image\/\",\"url\":\"https:\/\/berhalter.green\/wp-content\/uploads\/2021\/04\/BERHALTER-tec-spiration_horizontal_gruen.png\",\"contentUrl\":\"https:\/\/berhalter.green\/wp-content\/uploads\/2021\/04\/BERHALTER-tec-spiration_horizontal_gruen.png\",\"width\":1746,\"height\":322,\"caption\":\"BERHALTER Tec-Spiration\"},\"image\":{\"@id\":\"https:\/\/berhalter.green\/#\/schema\/logo\/image\/\"}}]}<\/script>\n<!-- \/ Yoast SEO plugin. -->","yoast_head_json":{"title":"Mobilit\u00e4t und Transport - BERHALTER Tec-Spiration","robots":{"index":"index","follow":"follow","max-snippet":"max-snippet:-1","max-image-preview":"max-image-preview:large","max-video-preview":"max-video-preview:-1"},"canonical":"https:\/\/berhalter.green\/en\/mobilitaet-und-transport\/","og_locale":"en_GB","og_type":"article","og_title":"Mobilit\u00e4t und Transport - BERHALTER Tec-Spiration","og_description":"Mobilit\u00e4t und TransportEinzelteile und Serien werden durch unsere Flexibilit\u00e4t termingerecht in TOP-Qualit\u00e4t produziert. Dies setzen wir mit unserem qualifizierten Fachpersonal und unserem modernen Maschinenpark optimal um. Previous Next","og_url":"https:\/\/berhalter.green\/en\/mobilitaet-und-transport\/","og_site_name":"BERHALTER Tec-Spiration","article_modified_time":"2021-05-21T09:55:17+00:00","twitter_card":"summary_large_image","schema":{"@context":"https:\/\/schema.org","@graph":[{"@type":"WebPage","@id":"https:\/\/berhalter.green\/mobilitaet-und-transport\/","url":"https:\/\/berhalter.green\/mobilitaet-und-transport\/","name":"Mobilit\u00e4t und Transport - BERHALTER Tec-Spiration","isPartOf":{"@id":"https:\/\/berhalter.green\/#website"},"datePublished":"2021-05-05T19:00:41+00:00","dateModified":"2021-05-21T09:55:17+00:00","breadcrumb":{"@id":"https:\/\/berhalter.green\/mobilitaet-und-transport\/#breadcrumb"},"inLanguage":"en-GB","potentialAction":[{"@type":"ReadAction","target":["https:\/\/berhalter.green\/mobilitaet-und-transport\/"]}]},{"@type":"BreadcrumbList","@id":"https:\/\/berhalter.green\/mobilitaet-und-transport\/#breadcrumb","itemListElement":[{"@type":"ListItem","position":1,"name":"Startseite","item":"https:\/\/berhalter.green\/"},{"@type":"ListItem","position":2,"name":"Mobilit\u00e4t und Transport"}]},{"@type":"WebSite","@id":"https:\/\/berhalter.green\/#website","url":"https:\/\/berhalter.green\/","name":"BERHALTER Tec-Spiration","description":"Ihr innovativer Partner f\u00fcr kubische Fertigungsteile.","publisher":{"@id":"https:\/\/berhalter.green\/#organization"},"potentialAction":[{"@type":"SearchAction","target":{"@type":"EntryPoint","urlTemplate":"https:\/\/berhalter.green\/?s={search_term_string}"},"query-input":{"@type":"PropertyValueSpecification","valueRequired":true,"valueName":"search_term_string"}}],"inLanguage":"en-GB"},{"@type":"Organization","@id":"https:\/\/berhalter.green\/#organization","name":"BERHALTER Tec-Spiration","url":"https:\/\/berhalter.green\/","logo":{"@type":"ImageObject","inLanguage":"en-GB","@id":"https:\/\/berhalter.green\/#\/schema\/logo\/image\/","url":"https:\/\/berhalter.green\/wp-content\/uploads\/2021\/04\/BERHALTER-tec-spiration_horizontal_gruen.png","contentUrl":"https:\/\/berhalter.green\/wp-content\/uploads\/2021\/04\/BERHALTER-tec-spiration_horizontal_gruen.png","width":1746,"height":322,"caption":"BERHALTER Tec-Spiration"},"image":{"@id":"https:\/\/berhalter.green\/#\/schema\/logo\/image\/"}}]}},"_links":{"self":[{"href":"https:\/\/berhalter.green\/en\/wp-json\/wp\/v2\/pages\/293","targetHints":{"allow":["GET"]}}],"collection":[{"href":"https:\/\/berhalter.green\/en\/wp-json\/wp\/v2\/pages"}],"about":[{"href":"https:\/\/berhalter.green\/en\/wp-json\/wp\/v2\/types\/page"}],"author":[{"embeddable":true,"href":"https:\/\/berhalter.green\/en\/wp-json\/wp\/v2\/users\/1"}],"replies":[{"embeddable":true,"href":"https:\/\/berhalter.green\/en\/wp-json\/wp\/v2\/comments?post=293"}],"version-history":[{"count":31,"href":"https:\/\/berhalter.green\/en\/wp-json\/wp\/v2\/pages\/293\/revisions"}],"predecessor-version":[{"id":800,"href":"https:\/\/berhalter.green\/en\/wp-json\/wp\/v2\/pages\/293\/revisions\/800"}],"wp:attachment":[{"href":"https:\/\/berhalter.green\/en\/wp-json\/wp\/v2\/media?parent=293"}],"curies":[{"name":"wp","href":"https:\/\/api.w.org\/{rel}","templated":true}]}}